{"id":31,"date":"2025-04-28T23:41:52","date_gmt":"2025-04-28T23:41:52","guid":{"rendered":"https:\/\/bauvermarktung.com\/?page_id=31"},"modified":"2025-05-14T14:36:02","modified_gmt":"2025-05-14T14:36:02","slug":"partner-werden","status":"publish","type":"page","link":"https:\/\/bauvermarktung.com\/index.php\/partner-werden\/","title":{"rendered":"Partner werden"},"content":{"rendered":"<p>[et_pb_section fb_built=&#8220;1&#8243; _builder_version=&#8220;4.27.4&#8243; _module_preset=&#8220;default&#8220; da_disable_devices=&#8220;off|off|off&#8220; locked=&#8220;off&#8220; global_colors_info=&#8220;{}&#8220; da_is_popup=&#8220;off&#8220; da_exit_intent=&#8220;off&#8220; da_has_close=&#8220;on&#8220; da_alt_close=&#8220;off&#8220; da_dark_close=&#8220;off&#8220; da_not_modal=&#8220;on&#8220; da_is_singular=&#8220;off&#8220; da_with_loader=&#8220;off&#8220; da_has_shadow=&#8220;on&#8220;][et_pb_row _builder_version=&#8220;4.27.4&#8243; _module_preset=&#8220;default&#8220; max_width=&#8220;1200px&#8220; custom_padding=&#8220;||0px|||&#8220; global_colors_info=&#8220;{}&#8220;][et_pb_column type=&#8220;4_4&#8243; _builder_version=&#8220;4.27.4&#8243; _module_preset=&#8220;default&#8220; global_colors_info=&#8220;{}&#8220;][et_pb_heading title=&#8220;Deine Vorteile als Door2Door-Partner&#8220; _builder_version=&#8220;4.27.4&#8243; _module_preset=&#8220;7bdf206d-0bac-4885-88de-aa88f73fc261&#8243; title_font=&#8220;Poppins|700|||||||&#8220; title_text_color=&#8220;gcid-fe6a3498-57d0-49d4-83e5-7cd87c800afe&#8220; title_font_size=&#8220;36px&#8220; global_colors_info=&#8220;{%22gcid-fe6a3498-57d0-49d4-83e5-7cd87c800afe%22:%91%22title_text_color%22%93}&#8220;][\/et_pb_heading][et_pb_text _builder_version=&#8220;4.27.4&#8243; _module_preset=&#8220;default&#8220; text_font=&#8220;Poppins|500|||||||&#8220; text_text_color=&#8220;#000000&#8243; text_font_size=&#8220;16px&#8220; global_colors_info=&#8220;{}&#8220;]<\/p>\n<p class=\"p1\">Profitiere von exklusiven Projekten, maximaler Freiheit und einer Partnerschaft auf Augenh\u00f6he. Als Vertriebspartner bei <span class=\"s1\"><b>BAUVERMARKTUNG.com<\/b><\/span> bestimmst du selbst, welche Projekte du \u00fcbernimmst \u2013 und wann du aktiv bist. Keine starren Vorgaben, keine Mindestabnahmen \u2013 nur echte Chancen.<\/p>\n<p>[\/et_pb_text][\/et_pb_column][\/et_pb_row][et_pb_row column_structure=&#8220;1_3,1_3,1_3&#8243; use_custom_gutter=&#8220;on&#8220; gutter_width=&#8220;2&#8243; column_padding_mobile=&#8220;on&#8220; custom_padding_last_edited=&#8220;on|phone&#8220; admin_label=&#8220;Row&#8220; _builder_version=&#8220;4.27.4&#8243; _module_preset=&#8220;default&#8220; background_size=&#8220;initial&#8220; background_position=&#8220;top_left&#8220; background_repeat=&#8220;repeat&#8220; max_width=&#8220;1200px&#8220; custom_margin=&#8220;17px|auto||auto||&#8220; custom_padding=&#8220;|||&#8220; custom_padding_tablet=&#8220;49px|||&#8220; custom_padding_phone=&#8220;19px|||&#8220; locked=&#8220;off&#8220; global_colors_info=&#8220;{}&#8220;][et_pb_column type=&#8220;1_3&#8243; _builder_version=&#8220;4.16&#8243; _module_preset=&#8220;default&#8220; custom_padding=&#8220;|||&#8220; global_colors_info=&#8220;{}&#8220; custom_padding__hover=&#8220;|||&#8220;][et_pb_blurb title=&#8220;Volle Flexibilit\u00e4t&#8220; use_icon=&#8220;on&#8220; font_icon=&#8220;&#x7d;||divi||400&#8243; image_icon_width=&#8220;55px&#8220; icon_alignment=&#8220;center&#8220; admin_label=&#8220;Class&#8220; _builder_version=&#8220;4.27.4&#8243; _module_preset=&#8220;dd058561-409b-4000-8ab4-7fa068377fb9&#8243; header_font=&#8220;Poppins|800|||||||&#8220; header_text_align=&#8220;center&#8220; header_text_color=&#8220;#486066&#8243; header_line_height=&#8220;1.3em&#8220; body_font=&#8220;Poppins|600|||||||&#8220; body_text_align=&#8220;center&#8220; body_text_color=&#8220;#486066&#8243; body_line_height=&#8220;1.8em&#8220; background_color=&#8220;#ffffff&#8220; height=&#8220;250px&#8220; custom_margin=&#8220;||||false|true&#8220; custom_padding=&#8220;20px|30px|20px|30px|true|true&#8220; animation_style=&#8220;fade&#8220; border_radii=&#8220;on|20px|20px|20px|20px&#8220; border_width_all=&#8220;1px&#8220; border_color_all=&#8220;rgba(53,53,53,0.21)&#8220; global_colors_info=&#8220;{}&#8220;]<\/p>\n<p class=\"p1\">W\u00e4hle selbst, wann und mit welchen Projekten du arbeiten m\u00f6chtest.<\/p>\n<p>[\/et_pb_blurb][\/et_pb_column][et_pb_column type=&#8220;1_3&#8243; _builder_version=&#8220;4.16&#8243; _module_preset=&#8220;default&#8220; custom_padding=&#8220;|||&#8220; global_colors_info=&#8220;{}&#8220; custom_padding__hover=&#8220;|||&#8220;][et_pb_blurb title=&#8220;Attraktive Provisionen&#8220; use_icon=&#8220;on&#8220; font_icon=&#8220;&#xe100;||divi||400&#8243; image_icon_width=&#8220;55px&#8220; icon_alignment=&#8220;center&#8220; admin_label=&#8220;Class&#8220; _builder_version=&#8220;4.27.4&#8243; _module_preset=&#8220;dd058561-409b-4000-8ab4-7fa068377fb9&#8243; header_font=&#8220;Poppins|800|||||||&#8220; header_text_align=&#8220;center&#8220; header_text_color=&#8220;#486066&#8243; header_line_height=&#8220;1.3em&#8220; body_font=&#8220;Poppins|600|||||||&#8220; body_text_align=&#8220;center&#8220; body_text_color=&#8220;#486066&#8243; body_line_height=&#8220;1.8em&#8220; background_color=&#8220;#ffffff&#8220; height=&#8220;250px&#8220; custom_margin=&#8220;||||false|true&#8220; custom_padding=&#8220;20px|30px|20px|30px|true|true&#8220; animation_style=&#8220;fade&#8220; border_radii=&#8220;on|20px|20px|20px|20px&#8220; border_width_all=&#8220;1px&#8220; border_color_all=&#8220;rgba(53,53,53,0.21)&#8220; global_colors_info=&#8220;{}&#8220;]<\/p>\n<p class=\"p1\">Erhalte hohe Verg\u00fctungen pro Abschluss \u2013 transparent und zuverl\u00e4ssig.<\/p>\n<p>[\/et_pb_blurb][\/et_pb_column][et_pb_column type=&#8220;1_3&#8243; _builder_version=&#8220;4.16&#8243; _module_preset=&#8220;default&#8220; custom_padding=&#8220;|||&#8220; global_colors_info=&#8220;{}&#8220; custom_padding__hover=&#8220;|||&#8220;][et_pb_blurb title=&#8220;Regionale Auswahl&#8220; use_icon=&#8220;on&#8220; font_icon=&#8220;&#xe01d;||divi||400&#8243; image_icon_width=&#8220;55px&#8220; icon_alignment=&#8220;center&#8220; admin_label=&#8220;Class&#8220; _builder_version=&#8220;4.27.4&#8243; _module_preset=&#8220;dd058561-409b-4000-8ab4-7fa068377fb9&#8243; header_font=&#8220;Poppins|800|||||||&#8220; header_text_align=&#8220;center&#8220; header_text_color=&#8220;#486066&#8243; header_line_height=&#8220;1.3em&#8220; body_font=&#8220;Poppins|600|||||||&#8220; body_text_align=&#8220;center&#8220; body_text_color=&#8220;#486066&#8243; body_line_height=&#8220;1.8em&#8220; background_color=&#8220;#ffffff&#8220; height=&#8220;250px&#8220; custom_margin=&#8220;||||false|true&#8220; custom_padding=&#8220;20px|30px|20px|30px|true|true&#8220; animation_style=&#8220;fade&#8220; border_radii=&#8220;on|20px|20px|20px|20px&#8220; border_width_all=&#8220;1px&#8220; border_color_all=&#8220;rgba(53,53,53,0.21)&#8220; global_colors_info=&#8220;{}&#8220;]<\/p>\n<p class=\"p1\">Suche dir Projekte in deinem Wunschgebiet \u2013 lokal oder deutschlandweit.<\/p>\n<p>[\/et_pb_blurb][\/et_pb_column][\/et_pb_row][et_pb_row column_structure=&#8220;1_3,1_3,1_3&#8243; use_custom_gutter=&#8220;on&#8220; gutter_width=&#8220;2&#8243; column_padding_mobile=&#8220;on&#8220; custom_padding_last_edited=&#8220;on|phone&#8220; admin_label=&#8220;Row&#8220; _builder_version=&#8220;4.27.4&#8243; _module_preset=&#8220;default&#8220; background_size=&#8220;initial&#8220; background_position=&#8220;top_left&#8220; background_repeat=&#8220;repeat&#8220; max_width=&#8220;1200px&#8220; custom_padding=&#8220;3px|||||&#8220; custom_padding_tablet=&#8220;49px|||&#8220; custom_padding_phone=&#8220;19px|||&#8220; locked=&#8220;off&#8220; global_colors_info=&#8220;{}&#8220;][et_pb_column type=&#8220;1_3&#8243; _builder_version=&#8220;4.16&#8243; _module_preset=&#8220;default&#8220; custom_padding=&#8220;|||&#8220; global_colors_info=&#8220;{}&#8220; custom_padding__hover=&#8220;|||&#8220;][et_pb_blurb title=&#8220;Gepr\u00fcfte Auftraggeber&#8220; use_icon=&#8220;on&#8220; font_icon=&#8220;&#xf2b5;||fa||400&#8243; image_icon_width=&#8220;55px&#8220; icon_alignment=&#8220;center&#8220; admin_label=&#8220;Class&#8220; _builder_version=&#8220;4.27.4&#8243; _module_preset=&#8220;dd058561-409b-4000-8ab4-7fa068377fb9&#8243; header_font=&#8220;Poppins|800|||||||&#8220; header_text_align=&#8220;center&#8220; header_text_color=&#8220;#486066&#8243; header_line_height=&#8220;1.3em&#8220; body_font=&#8220;Poppins|600|||||||&#8220; body_text_align=&#8220;center&#8220; body_text_color=&#8220;#486066&#8243; body_line_height=&#8220;1.8em&#8220; background_color=&#8220;#ffffff&#8220; height=&#8220;250px&#8220; custom_margin=&#8220;||||false|true&#8220; custom_padding=&#8220;20px|30px|20px|30px|true|true&#8220; animation_style=&#8220;fade&#8220; border_radii=&#8220;on|20px|20px|20px|20px&#8220; border_width_all=&#8220;1px&#8220; border_color_all=&#8220;rgba(53,53,53,0.21)&#8220; global_colors_info=&#8220;{}&#8220;]<\/p>\n<p class=\"p1\">Wir arbeiten nur mit seri\u00f6sen Partnern und gepr\u00fcften Projekten.<\/p>\n<p>[\/et_pb_blurb][\/et_pb_column][et_pb_column type=&#8220;1_3&#8243; _builder_version=&#8220;4.16&#8243; _module_preset=&#8220;default&#8220; custom_padding=&#8220;|||&#8220; global_colors_info=&#8220;{}&#8220; custom_padding__hover=&#8220;|||&#8220;][et_pb_blurb title=&#8220;Einfache Abwicklung&#8220; use_icon=&#8220;on&#8220; font_icon=&#8220;&#x69;||divi||400&#8243; image_icon_width=&#8220;55px&#8220; icon_alignment=&#8220;center&#8220; admin_label=&#8220;Class&#8220; _builder_version=&#8220;4.27.4&#8243; _module_preset=&#8220;dd058561-409b-4000-8ab4-7fa068377fb9&#8243; header_font=&#8220;Poppins|800|||||||&#8220; header_text_align=&#8220;center&#8220; header_text_color=&#8220;#486066&#8243; header_line_height=&#8220;1.3em&#8220; body_font=&#8220;Poppins|600|||||||&#8220; body_text_align=&#8220;center&#8220; body_text_color=&#8220;#486066&#8243; body_line_height=&#8220;1.8em&#8220; background_color=&#8220;#ffffff&#8220; height=&#8220;250px&#8220; custom_margin=&#8220;||||false|true&#8220; custom_padding=&#8220;20px|30px|20px|30px|true|true&#8220; animation_style=&#8220;fade&#8220; border_radii=&#8220;on|20px|20px|20px|20px&#8220; border_width_all=&#8220;1px&#8220; border_color_all=&#8220;rgba(53,53,53,0.21)&#8220; global_colors_info=&#8220;{}&#8220;]<\/p>\n<p class=\"p1\">Einfache Anmeldung, schnelle Vertragsunterzeichnung, klarer Projektstart.<\/p>\n<p>[\/et_pb_blurb][\/et_pb_column][et_pb_column type=&#8220;1_3&#8243; _builder_version=&#8220;4.16&#8243; _module_preset=&#8220;default&#8220; custom_padding=&#8220;|||&#8220; global_colors_info=&#8220;{}&#8220; custom_padding__hover=&#8220;|||&#8220;][et_pb_blurb title=&#8220;Unterst\u00fctzung inklusive&#8220; use_icon=&#8220;on&#8220; font_icon=&#8220;&#xf590;||fa||900&#8243; image_icon_width=&#8220;55px&#8220; icon_alignment=&#8220;center&#8220; admin_label=&#8220;Class&#8220; _builder_version=&#8220;4.27.4&#8243; _module_preset=&#8220;dd058561-409b-4000-8ab4-7fa068377fb9&#8243; header_font=&#8220;Poppins|800|||||||&#8220; header_text_align=&#8220;center&#8220; header_text_color=&#8220;#486066&#8243; header_line_height=&#8220;1.3em&#8220; body_font=&#8220;Poppins|600|||||||&#8220; body_text_align=&#8220;center&#8220; body_text_color=&#8220;#486066&#8243; body_line_height=&#8220;1.8em&#8220; background_color=&#8220;#ffffff&#8220; height=&#8220;250px&#8220; custom_margin=&#8220;||||false|true&#8220; custom_padding=&#8220;20px|30px|20px|30px|true|true&#8220; animation_style=&#8220;fade&#8220; border_radii=&#8220;on|20px|20px|20px|20px&#8220; border_width_all=&#8220;1px&#8220; border_color_all=&#8220;rgba(53,53,53,0.21)&#8220; global_colors_info=&#8220;{}&#8220;]<\/p>\n<p class=\"p1\">Erhalte alle Infos, Materialien und bei Bedarf pers\u00f6nlichen Support.<\/p>\n<p>[\/et_pb_blurb][\/et_pb_column][\/et_pb_row][\/et_pb_section][et_pb_section fb_built=&#8220;1&#8243; _builder_version=&#8220;4.27.4&#8243; _module_preset=&#8220;default&#8220; min_height=&#8220;652.1px&#8220; custom_padding=&#8220;3px|||||&#8220; da_disable_devices=&#8220;off|off|off&#8220; locked=&#8220;off&#8220; global_colors_info=&#8220;{}&#8220; da_is_popup=&#8220;off&#8220; da_exit_intent=&#8220;off&#8220; da_has_close=&#8220;on&#8220; da_alt_close=&#8220;off&#8220; da_dark_close=&#8220;off&#8220; da_not_modal=&#8220;on&#8220; da_is_singular=&#8220;off&#8220; da_with_loader=&#8220;off&#8220; da_has_shadow=&#8220;on&#8220;][et_pb_row column_structure=&#8220;1_2,1_2&#8243; _builder_version=&#8220;4.27.4&#8243; _module_preset=&#8220;default&#8220; max_width=&#8220;1200px&#8220; locked=&#8220;off&#8220; global_colors_info=&#8220;{}&#8220;][et_pb_column type=&#8220;1_2&#8243; _builder_version=&#8220;4.27.4&#8243; _module_preset=&#8220;default&#8220; custom_padding=&#8220;|||&#8220; global_colors_info=&#8220;{}&#8220; custom_padding__hover=&#8220;|||&#8220;][et_pb_image src=&#8220;https:\/\/bauvermarktung.com\/wp-content\/uploads\/2025\/04\/hosting-company-04.png&#8220; align_tablet=&#8220;center&#8220; align_phone=&#8220;&#8220; align_last_edited=&#8220;on|desktop&#8220; _builder_version=&#8220;4.16&#8243; _module_preset=&#8220;c774900b-23e2-461d-b826-ecffb2cdfdb4&#8243; custom_margin=&#8220;||-44px|||&#8220; global_colors_info=&#8220;{}&#8220; force_fullwidth__hover=&#8220;off&#8220; force_fullwidth__hover_enabled=&#8220;off&#8220; max_width__hover=&#8220;100%&#8220; max_width__hover_enabled=&#8220;100%&#8220;][\/et_pb_image][et_pb_text _builder_version=&#8220;4.27.4&#8243; _module_preset=&#8220;6be262e3-5019-4af8-9ee7-59bac5e23196&#8243; text_font=&#8220;Poppins|700|||||||&#8220; text_font_size=&#8220;36px&#8220; text_line_height=&#8220;1.3em&#8220; text_font_size_tablet=&#8220;&#8220; text_font_size_phone=&#8220;&#8220; text_font_size_last_edited=&#8220;on|tablet&#8220; locked=&#8220;off&#8220; global_colors_info=&#8220;{}&#8220;]<\/p>\n<p>Buche dir gerne direkt einen Termin f\u00fcr ein Kennenlernen.<\/p>\n<p>[\/et_pb_text][et_pb_text _builder_version=&#8220;4.27.4&#8243; _module_preset=&#8220;6be262e3-5019-4af8-9ee7-59bac5e23196&#8243; text_font=&#8220;Open Sans|700|||||||&#8220; text_font_size=&#8220;24px&#8220; text_line_height=&#8220;1em&#8220; custom_margin=&#8220;||6px||false|false&#8220; global_colors_info=&#8220;{}&#8220;]<\/p>\n<p>Jean Stumm<\/p>\n<p>[\/et_pb_text][et_pb_text _builder_version=&#8220;4.27.4&#8243; _module_preset=&#8220;6be262e3-5019-4af8-9ee7-59bac5e23196&#8243; text_font=&#8220;Open Sans|600|||||||&#8220; text_text_color=&#8220;gcid-primary-color&#8220; text_font_size=&#8220;18px&#8220; text_line_height=&#8220;1em&#8220; custom_margin=&#8220;||15px||false|false&#8220; hover_enabled=&#8220;0&#8243; global_colors_info=&#8220;{%22gcid-primary-color%22:%91%22link_text_color%22,%22text_text_color%22%93,%22gcid-heading-color%22:%91%22header_text_color%22,%22header_4_text_color%22,%22header_3_text_color%22,%22header_2_text_color%22,%22header_5_text_color%22,%22header_6_text_color%22,%22quote_text_color%22,%22header_text_color%22,%22header_4_text_color%22,%22header_3_text_color%22,%22header_2_text_color%22,%22header_5_text_color%22,%22header_6_text_color%22,%22quote_text_color%22%93,%22gcid-secondary-color%22:%91%22quote_border_color%22,%22quote_border_color%22%93}&#8220; sticky_enabled=&#8220;0&#8243;]<\/p>\n<p>Gesellschafter<\/p>\n<p>[\/et_pb_text][et_pb_social_media_follow _builder_version=&#8220;4.27.4&#8243; _module_preset=&#8220;448a1873-2e10-45aa-9f98-68a5b6f3d721&#8243; global_colors_info=&#8220;{}&#8220;][et_pb_social_media_follow_network social_network=&#8220;linkedin&#8220; icon_color=&#8220;gcid-primary-color&#8220; use_icon_font_size=&#8220;on&#8220; _builder_version=&#8220;4.27.4&#8243; _module_preset=&#8220;1c40c2ad-bf11-4adf-b655-706de1ef078d&#8220; background_color=&#8220;#007bb6&#8243; global_colors_info=&#8220;{%22gcid-primary-color%22:%91%22icon_color%22%93}&#8220; follow_button=&#8220;off&#8220; url_new_window=&#8220;on&#8220;]linkedin[\/et_pb_social_media_follow_network][\/et_pb_social_media_follow][\/et_pb_column][et_pb_column type=&#8220;1_2&#8243; _builder_version=&#8220;4.16&#8243; _module_preset=&#8220;default&#8220; custom_padding=&#8220;|||&#8220; global_colors_info=&#8220;{}&#8220; custom_padding__hover=&#8220;|||&#8220;][et_pb_image src=&#8220;https:\/\/bauvermarktung.com\/wp-content\/uploads\/2025\/05\/PHOTO-2022-11-09-09-13-46-2.jpg&#8220; title_text=&#8220;PHOTO-2022-11-09-09-13-46 2&#8243; align=&#8220;right&#8220; _builder_version=&#8220;4.27.4&#8243; _module_preset=&#8220;c774900b-23e2-461d-b826-ecffb2cdfdb4&#8243; width=&#8220;53%&#8220; module_alignment=&#8220;center&#8220; global_colors_info=&#8220;{}&#8220;][\/et_pb_image][\/et_pb_column][\/et_pb_row][\/et_pb_section]<\/p>\n","protected":false},"excerpt":{"rendered":"<p>Profitiere von exklusiven Projekten, maximaler Freiheit und einer Partnerschaft auf Augenh\u00f6he. Als Vertriebspartner bei BAUVERMARKTUNG.com bestimmst du selbst, welche Projekte du \u00fcbernimmst \u2013 und wann du aktiv bist. Keine starren Vorgaben, keine Mindestabnahmen \u2013 nur echte Chancen.W\u00e4hle selbst, wann und mit welchen Projekten du arbeiten m\u00f6chtest.Erhalte hohe Verg\u00fctungen pro Abschluss \u2013 transparent und zuverl\u00e4ssig.Suche dir [&hellip;]<\/p>\n","protected":false},"author":1,"featured_media":0,"parent":0,"menu_order":0,"comment_status":"closed","ping_status":"closed","template":"","meta":{"_et_pb_use_builder":"on","_et_pb_old_content":"","_et_gb_content_width":"","footnotes":""},"class_list":["post-31","page","type-page","status-publish","hentry"],"_links":{"self":[{"href":"https:\/\/bauvermarktung.com\/index.php\/wp-json\/wp\/v2\/pages\/31","targetHints":{"allow":["GET"]}}],"collection":[{"href":"https:\/\/bauvermarktung.com\/index.php\/wp-json\/wp\/v2\/pages"}],"about":[{"href":"https:\/\/bauvermarktung.com\/index.php\/wp-json\/wp\/v2\/types\/page"}],"author":[{"embeddable":true,"href":"https:\/\/bauvermarktung.com\/index.php\/wp-json\/wp\/v2\/users\/1"}],"replies":[{"embeddable":true,"href":"https:\/\/bauvermarktung.com\/index.php\/wp-json\/wp\/v2\/comments?post=31"}],"version-history":[{"count":0,"href":"https:\/\/bauvermarktung.com\/index.php\/wp-json\/wp\/v2\/pages\/31\/revisions"}],"wp:attachment":[{"href":"https:\/\/bauvermarktung.com\/index.php\/wp-json\/wp\/v2\/media?parent=31"}],"curies":[{"name":"wp","href":"https:\/\/api.w.org\/{rel}","templated":true}]}}